{"id":59,"date":"2017-10-19T13:20:23","date_gmt":"2017-10-19T04:20:23","guid":{"rendered":"https:\/\/www.zokei.ac.jp\/in\/?page_id=59"},"modified":"2024-09-09T09:51:01","modified_gmt":"2024-09-09T00:51:01","slug":"international","status":"publish","type":"page","link":"https:\/\/www.zokei.ac.jp\/in\/international\/","title":{"rendered":"\u56fd\u969b\u4ea4\u6d41\uff08\u7559\u5b66\uff09"},"content":{"rendered":"<p>\u672c\u5b66\u306f\u6d77\u5916\u306e\u5927\u5b66\u3068\u306e\u5b66\u8853\u4ea4\u6d41\u3092\u901a\u3057\u3066\u6559\u80b2\u7814\u7a76\u306e\u6d3b\u6027\u5316\u3092\u56f3\u3063\u3066\u3044\u307e\u3059\u3002<br \/>\n\u672c\u5b66\u306b\u304a\u3051\u308b\u56fd\u969b\u4ea4\u6d41\u6d3b\u52d5\u306e\u4e00\u74b0\u3068\u3057\u3066\u3001\u30e8\u30fc\u30ed\u30c3\u30d1\u3092\u4e2d\u5fc3\u306b\u5404\u82b8\u8853\u7cfb\u5927\u5b66\uff08\u5b66\u6821\uff09\u3068\u4ea4\u6d41\u5354\u5b9a\u3092\u7d50\u3093\u3067\u3044\u307e\u3059\u3002<br \/>\n\u5404\u6821\u3068\u306f\u3001\u305d\u308c\u305e\u308c\u306e\u5354\u5b9a\u306b\u3082\u3068\u3065\u3044\u3066\u77ed\u671f\u7559\u5b66\u751f\u306e\u6d3e\u9063\u30fb\u53d7\u5165\u3001\u5171\u540c\u30ef\u30fc\u30af\u30b7\u30e7\u30c3\u30d7\u306a\u306e\u30d7\u30ed\u30b0\u30e9\u30e0\u3092\u901a\u3057\u3066\u7a4d\u6975\u7684\u306a\u4ea4\u6d41\u3092\u884c\u3063\u3066\u3044\u307e\u3059\u3002<\/p>\n<hr \/>\n<h2><i class=\"flg_aus\"><\/i>Academy of Fine Arts Vienna<\/h2>\n<p>\n<img loading=\"lazy\" decoding=\"async\" src=\"https:\/\/www.zokei.ac.jp\/wp-content\/uploads\/viena.jpg\" alt=\"viena\" width=\"250\" height=\"164\" class=\"alignright size-full wp-image-586\" \/>1692\u5e74\u306b\u8a2d\u7acb\u3055\u308c\u3066\u4ee5\u6765\u300119\u4e16\u7d00\u672b\u306b\u304a\u3051\u308b\u30b0\u30b9\u30bf\u30d5\u30fb\u30af\u30ea\u30e0\u30c8\u3084\u30a8\u30b4\u30f3\u30fb\u30b7\u30fc\u30ec\u306e\u3088\u3046\u306b\u3001\u4e16\u7d00\u672b\u82b8\u8853\u306e\u4e2d\u5fc3\u4eba\u7269\u304c\u96c6\u3046\u5834\u3067\u3042\u308a\u7d9a\u3051\u3066\u3044\u307e\u3059\u3002\u73fe\u4ee3\u7f8e\u8853\u306e\u5206\u91ce\u3067\u306f\u30a6\u30a3\u30fc\u30f3\u5e7b\u60f3\u7684\u30ea\u30a2\u30ea\u30ba\u30e0\u6d3e\u3092\u751f\u307f\u3001\u300c\u6c34\u306e\u753b\u5bb6\u300d\u3068\u3057\u3066\u8457\u540d\u306a\u30d5\u30f3\u30c7\u30eb\u30c8\u30fb\u30f4\u30a1\u30c3\u30b5\u30fc\u304c\u6559\u97ad\u3092\u3068\u3063\u3066\u3044\u305f\u6642\u671f\u3082\u3042\u308a\u307e\u3059\u3002\u5e02\u5185\u306b\u306f\u5927\u5c0f\u69d8\u3005\u306a\u7f8e\u8853\u9928\u3001\u30ae\u30e3\u30e9\u30ea\u30fc\u304c\u70b9\u5728\u3057\u3001\u5b66\u5185\u5916\u3068\u3082\u306b\u73fe\u4ee3\u7f8e\u8853\u306e\u30e0\u30fc\u30d6\u30e1\u30f3\u30c8\u3082\u76db\u3093\u3067\u3059\u3002<br \/>\n<br \/>\nAugasse 2-6, 1090 Vienna<br \/>\nAustria<\/p>\n<p><a href=\"http:\/\/www.akbild.ac.at\/\" target=\"_blank\" rel=\"noopener noreferrer\">http:\/\/www.akbild.ac.at\/<\/a><\/p>\n<hr>\n<h2><i class=\"flg_net\"><\/i>Willem de Kooning Academy\/Rotterdam University of Applied Sciences<\/h2>\n<p>\n<img loading=\"lazy\" decoding=\"async\" src=\"https:\/\/www.zokei.ac.jp\/wp-content\/uploads\/rotte.jpg\" alt=\"rotte\" width=\"234\" height=\"216\" class=\"alignright size-full wp-image-588\" \/>\u4e16\u754c\u6700\u5927\u7d1a\u306e\u6e2f\u3092\u64c1\u3059\u308b\u30aa\u30e9\u30f3\u30c0\u7b2c\u4e8c\u306e\u90fd\u5e02\u3001\u30ed\u30c3\u30c6\u30eb\u30c0\u30e0\u4e2d\u5fc3\u90e8\u306b\u4f4d\u7f6e\u3002\u30db\u30fc\u30d8\u30b9\u30db\u30fc\u30eb\u3068\u547c\u3070\u308c\u308b\u5927\u5b66\u7fa4\u306b\u6240\u5c5e\u3059\u308b\u3001\u30c7\u30b8\u30bf\u30eb\u30e1\u30c7\u30a3\u30a2\u3092\u542b\u3081\u305f\u7f8e\u8853\u3068\u30c7\u30b6\u30a4\u30f3\u306e\u5c02\u9580\u6559\u80b2\u3092\u884c\u3046\u5927\u5b66\u3067\u3059\u3002\u5927\u5b66\u6b63\u5f0f\u540d\u79f0\u300c Willem de Kooning Academy, Hogeschool Rotterdam \u300d\u306b\u306f\u8457\u540d\u306a\u5352\u696d\u751f\u3067\u3042\u308a\u62bd\u8c61\u8868\u73fe\u4e3b\u7fa9\u306e\u5275\u59cb\u8005\u306e\u4e00\u4eba\u3068\u3057\u3066\u300120\u4e16\u7d00\u7f8e\u8853\u53f2\u306e\u4e0a\u306b\u91cd\u8981\u306a\u4f4d\u7f6e\u3092\u5360\u3081\u308b\u30a6\u30a3\u30ec\u30e0\u30fb\u30c7\u30fb\u30af\u30fc\u30cb\u30f3\u30b0\u306e\u540d\u3092\u51a0\u3057\u3066\u3044\u307e\u3059\u3002<br \/>\n<br \/>\nBlaak 10, 3011 TA Rotterdam<br \/>\nThe Netherlands<\/p>\n<p><a href=\"https:\/\/www.wdka.nl\/\" target=\"_blank\" rel=\"noopener noreferrer\">https:\/\/www.wdka.nl\/<\/a><\/p>\n<hr>\n<h2><i class=\"flg_swe\"><\/i>Konstfack\/University of Arts, Crafts and Design <\/h2>\n<p>\n<img loading=\"lazy\" decoding=\"async\" src=\"https:\/\/www.zokei.ac.jp\/wp-content\/uploads\/2024\/09\/konstfack-1.jpg\" alt=\"\" width=\"234\" height=\"175\" class=\"alignright size-full wp-image-20195\" style=\"border-radius:4px\" \/>\u540c\u6821\u306f1844\u5e74\u306b\u5275\u7acb\u3055\u308c\u3001\u30b9\u30a6\u30a7\u30fc\u30c7\u30f3\u306e\u9996\u90fd\u3067\u3042\u308a\u540c\u56fd\u6700\u5927\u306e\u90fd\u5e02\u3001\u30b9\u30c8\u30c3\u30af\u30db\u30eb\u30e0\u306b\u4f4d\u7f6e\u3057\u3001\u540c\u56fd\u6700\u5927\u898f\u6a21\u306b\u3057\u3066\u6700\u9ad8\u5cf0\u306e\u7f8e\u8853\u5927\u5b66\u3067\u3059\u3002\u7f8e\u8853\u3001\u5de5\u82b8\u3001\u30c7\u30b6\u30a4\u30f3\u3001\u7f8e\u8853\u6559\u80b2\u3001\u30a2\u30cb\u30e1\u30fc\u30b7\u30e7\u30f3\u3068\u3044\u3046\u5206\u91ce\u304c\u6df7\u6210\u3057\u3066\u3044\u308b\u3068\u3044\u3046\u69cb\u6210\u3068\u3001\u30d0\u30e9\u30a8\u30c6\u30a3\u8c4a\u304b\u306a\u6559\u80b2\u5185\u5bb9\u306b\u306f\u5b9a\u8a55\u304c\u3042\u308a\u3001 2004\u5e74\u306b\u79fb\u8ee2\u3057\u305f\u65b0\u30ad\u30e3\u30f3\u30d1\u30b9\u3067\u7d04600\u540d\u306e\u5b66\u751f\u304c\u5b66\u3093\u3067\u3044\u307e\u3059\u3002<br \/>\n<br \/>\nLM Ericssons v\u00e4g 14,<br \/>\n126 26 Stockholm<br \/>\nSweden<\/p>\n<p><a href=\"http:\/\/www.konstfack.se\/\" target=\"_blank\" rel=\"noopener noreferrer\">http:\/\/www.konstfack.se\/<\/a><\/p>\n<hr>\n<h2><i class=\"flg_uk\"><\/i> University of the West of England(UWE Brustol)<\/h2>\n<p>\n<img loading=\"lazy\" decoding=\"async\" src=\"https:\/\/www.zokei.ac.jp\/wp-content\/uploads\/uwe.jpg\" alt=\"uwe\" width=\"250\" height=\"166\" class=\"alignright size-full wp-image-591\" \/>\u30d6\u30ea\u30b9\u30c8\u30eb\u306f\u30ed\u30f3\u30c9\u30f3\u3088\u308a\u5217\u8eca\u3067\u7d042\u6642\u9593\u3002\u91d1\u878d\u3068\u6587\u5316\u306e\u4e2d\u5fc3\u5730\u3078\u3068\u6025\u6210\u9577\u3092\u9042\u3052\u305f\u6d3b\u6c17\u306b\u6ea2\u308c\u308b\u8857\u3067\u3059\u3002\u82f1\u56fd\u897f\u5730\u533a\u5927\u5b66\u306f30000\u4eba\u4ee5\u4e0a\u306e\u5b66\u751f\u30683000\u4eba\u306e\u30b9\u30bf\u30c3\u30d5\u3092\u62b1\u3048\u308b\u30a4\u30ae\u30ea\u30b9\u5357\u897f\u90e8\u6700\u5927\u898f\u6a21\u306e\u4eba\u6c17\u6821\u3067\u3059\u3002\u672c\u5b66\u306f\u305d\u306e\u4e2d\u306e\u30a2\u30fc\u30c8\u30fb\u30af\u30ea\u30a8\u30a4\u30c6\u30a3\u30d6\u30a4\u30f3\u30c0\u30b9\u30c8\u30ea\u30fc\u30fb\u30a8\u30c7\u30e5\u30b1\u30fc\u30b7\u30e7\u30f3\u5b66\u90e8\u30682005\u5e74\u306b\u5b66\u8853\u7684\u4ea4\u6d41\u5354\u5b9a\u3092\u7de0\u7d50\u3057\u307e\u3057\u305f\uff08\u5354\u5b9a\u7de0\u7d50\u6642\u306f\u3001\u30a2\u30fc\u30c8\u30fb\u30e1\u30c7\u30a3\u30a2\u30fb\u30c7\u30b6\u30a4\u30f3\u5b66\u90e8\uff09\u3002\u540c\u5b66\u90e8\u306f\u3001\u773c\u524d\u306b100\u982d\u4ee5\u4e0a\u306e\u9e7f\u304c\u653e\u7267\u3055\u308c\u305f\u5e83\u5927\u306a\u56fd\u7acb\u516c\u5712\u306b\u9762\u3057\u305f\u7d20\u6674\u3089\u3057\u3044\u81ea\u7136\u74b0\u5883\u3092\u8a87\u308b\u30ad\u30e3\u30f3\u30d1\u30b9\u306b\u3042\u308a\u3001\u7d041600\u540d\u306e\u5b66\u751f\u304c\u5b66\u3093\u3067\u3044\u307e\u3059\u3002<br \/>\n<br \/>\nColdharbour Lane, Bristol<br \/>\nBS16 1QY<br \/>\nUnited Kingdom<\/p>\n<p><a href=\"http:\/\/www1.uwe.ac.uk\/cahe\/\" target=\"_blank\" rel=\"noopener noreferrer\">http:\/\/www1.uwe.ac.uk\/cahe\/<\/a><\/p>\n<hr>\n<h2><i class=\"flg_uk\"><\/i>Winchester School of Art\/University of Southampton<\/h2>\n<p>\n<img loading=\"lazy\" decoding=\"async\" src=\"https:\/\/www.zokei.ac.jp\/wp-content\/uploads\/winchester.jpg\" alt=\"winchester\" width=\"250\" height=\"188\" class=\"alignright size-full wp-image-592\" \/>\u30a6\u30a3\u30f3\u30c1\u30a7\u30b9\u30bf\u30fc\u306f\u30ed\u30f3\u30c9\u30f3\u3088\u308a\u5217\u8eca\u3067\u7d0450\u5206\u3002\u7f8e\u3057\u3044\u7530\u5712\u306b\u56f2\u307e\u308c\u3001\u30e8\u30fc\u30ed\u30c3\u30d1\u3067\u3082\u968f\u4e00\u306e\u898f\u6a21\u3092\u8a87\u308b\u5927\u8056\u5802\u3092\u59cb\u3081\u3001\u81f3\u308b\u6240\u306b\u4e2d\u4e16\u306e\u9762\u5f71\u3092\u6b8b\u3059\u53e4\u90fd\u3067\u3059\u30021862\u5e74\u306b\u5275\u7acb\u3055\u308c\u305f\u3001\u9591\u9759\u306a\u4f4f\u5b85\u8857\u306b\u4f4d\u7f6e\u3059\u308b\u30ad\u30e3\u30f3\u30d1\u30b9\u3067\u306f\u7d04800\u540d\u306e\u5b66\u751f\u304c\u5b66\u3093\u3067\u3044\u307e\u3059\u3002\u4f75\u8a2d\u3055\u308c\u305f\u30c6\u30ad\u30b9\u30bf\u30a4\u30eb\u4fee\u5fa9\u30bb\u30f3\u30bf\u30fc\u306f\u56fd\u969b\u7684\u306b\u3082\u8a55\u5224\u304c\u9ad8\u304f\u3001\u591a\u6570\u306e\u6b74\u53f2\u7684\u8cc7\u6599\u306e\u4fee\u5fa9\u304c\u884c\u308f\u308c\u3066\u3044\u307e\u3059\u3002<br \/>\n<br \/>\nUniversity Road<br \/>\nSouthampton<br \/>\nSO17\u30001BJ<br \/>\nUnited Kingdom<\/p>\n<p><a href=\"http:\/\/www.wsa.soton.ac.uk\" target=\"_blank\" rel=\"noopener noreferrer\">http:\/\/www.wsa.soton.ac.uk<\/a><\/p>\n<hr>\n<h2><i class=\"flg_ger\"><\/i>Hochschule f\u00fcr Gestaltung Schw\u00e4bisch Gm\u00fcnd<\/h2>\n<p>\n<img loading=\"lazy\" decoding=\"async\" src=\"https:\/\/www.zokei.ac.jp\/wp-content\/uploads\/Germany01.jpg\" alt=\"Germany01\" width=\"251\" height=\"168\" class=\"alignright size-full wp-image-593\" \/>\u30c9\u30a4\u30c4\u306e\u30b7\u30e5\u30f4\u30a7\u30fc\u30d3\u30c3\u30b7\u30e5\u30fb\u30b0\u30df\u30e5\u30f3\u30c8\u306f\u3001\u30e8\u30fc\u30ed\u30c3\u30d1\u5168\u4f53\u304b\u3089\u30c7\u30b6\u30a4\u30ca\u30fc\u304c\u96c6\u307e\u308b\u8857\u3067\u3001\u4eba\u53e3\u7d045\u4e07\u4eba\u306b\u5bfe\u3057\u3066120\u4ee5\u4e0a\u3082\u306e\u30c7\u30b6\u30a4\u30f3\u4e8b\u52d9\u6240\u3001\u5e83\u544a\u4ee3\u7406\u5e97\u304c\u70b9\u5728\u3057\u3066\u3044\u307e\u3059\u30021776 \u5e74\u306b\u5275\u7acb\u3055\u308c\u305f\u540c\u6821\u306f\u3001\u6771\u4eac\u9020\u5f62\u5927\u5b66\u3068\u540c\u69d8\u306b\u30d0\u30a6\u30cf\u30a6\u30b9\u306e\u6559\u80b2\u7406\u5ff5\u306b\u5f71\u97ff\u3092\u53d7\u3051\u3066\u304a\u308a\u3001\u5927\u5b66\u540d\u306b\u3082\u65e5\u672c\u8a9e\u3067\u300c\u9020\u5f62\u300d\u306e\u610f\u5473\u3092\u6301\u3064\u300cGestaltung\u300d\u3092\u51a0\u3057\u3066\u3044\u307e\u3059\u3002<br \/>\n<br \/>\nRektor-Klaus-Stra\u00dfe 100<br \/>\nD-73525 Schw\u00e4bisch Gm\u00fcnd<br \/>\nGermany<\/p>\n<p><a href=\"http:\/\/www.hfg-gmuend.de\/\" target=\"_blank\" rel=\"noopener noreferrer\">http:\/\/www.hfg-gmuend.de\/<\/a><\/p>\n<hr>\n<h2><i class=\"flg_net\"><\/i>The Royal Academy of Art\/University of the Arts The Hague<\/h2>\n<p>\n<img loading=\"lazy\" decoding=\"async\" src=\"https:\/\/www.zokei.ac.jp\/wp-content\/uploads\/2024\/09\/hague.jpg\" alt=\"\" width=\"260\" height=\"350\" class=\"alignright size-full wp-image-20239\" style=\"border-radius:4px\" \/>1682\u5e74\u306b\u8a2d\u7acb\u3055\u308c\u305f\u30e8\u30fc\u30ed\u30c3\u30d1\u6700\u53e4\u306e\u82b8\u8853\u7cfb\u5927\u5b66\u306e\u4e00\u3064\u3067\u3042\u308a\u3001\u30aa\u30e9\u30f3\u30c0\u82b8\u8853\u306b\u95a2\u3059\u308b\u6700\u9ad8\u6559\u80b2\u6a5f\u95a2\u3067\u3059\u3002\u56fd\u4f1a\u30fb\u4e2d\u592e\u653f\u5e9c\u6a5f\u95a2\u304c\u7f6e\u304b\u308c\u3066\u3044\u308b\u30aa\u30e9\u30f3\u30c0\u7b2c\uff13\u306e\u90fd\u5e02\u30cf\u30fc\u30b0\u306f\u3001\u9996\u90fd\u30a2\u30e0\u30b9\u30c6\u30eb\u30c0\u30e0\u3088\u308a\u5217\u8eca\u3067\u7d04\uff11\u6642\u9593\u3001\u30ed\u30c3\u30c6\u30eb\u30c0\u30e0\u3088\u308a\u7d04\uff13\uff10\u5206\u306b\u4f4d\u7f6e\u3057\u307e\u3059\u3002\u540c\u30a2\u30ab\u30c7\u30df\u30fc\u306f\u305d\u306e\u4e2d\u5fc3\u90e8\u306b\u5efa\u3064\u6b74\u53f2\u7684\u5efa\u7bc9\u7269\u306b\u672c\u90e8\u3092\u7f6e\u304d\u3001\uff12\u3064\u306e\u30ae\u30e3\u30e9\u30ea\u30fc\u3068\uff18\u3064\u306e\u5de5\u623f\u3092\u6301\u3064\u30ad\u30e3\u30f3\u30d0\u30b9\u306b\u7d041000\u540d\u306e\u5b66\u751f\u304c\u5b66\u3093\u3067\u3044\u307e\u3059\u3002<br \/>\n<br \/>\nPrinsessegracht 4, 2514 AN The Hague<br \/>\nThe Netherlands<\/p>\n<p><a href=\"http:\/\/www.kabk.nl\/\" target=\"_blank\" rel=\"noopener noreferrer\">http:\/\/www.kabk.nl\/<\/a><\/p>\n<hr>\n<h2><i class=\"flg_ita\"><\/i>Accademia di Bella Arti di Carrara<\/h2>\n<p>\n<img loading=\"lazy\" decoding=\"async\" src=\"https:\/\/www.zokei.ac.jp\/wp-content\/uploads\/it01.jpg\" alt=\"it01\" width=\"250\" height=\"164\" class=\"alignright size-full wp-image-595\" \/>\u30ab\u30e9\u30fc\u30e9\u306f\u30c8\u30b9\u30ab\u30fc\u30ca\u5730\u65b9\u3001\u30d5\u30a3\u30ec\u30f3\u30c4\u30a7\u306e\u5317\u897f\u306b\u4f4d\u7f6e\u3057\u3001\u5927\u7406\u77f3\u306e\u7523\u5730\u3068\u3057\u3066\u4e16\u754c\u7684\u306b\u6709\u540d\u306a\u8857\u3067\u3059\u3002\u30df\u30b1\u30e9\u30f3\u30b8\u30a7\u30ed\u306e\u4f5c\u54c1\u306e\u591a\u304f\u3082\u3001\u30ab\u30e9\u30fc\u30e9\u7523\u306e\u5927\u7406\u77f3\u3067\u751f\u307f\u51fa\u3055\u308c\u3066\u3044\u307e\u3059\u3002\u540c\u6821\u306e\u8a2d\u7acb\u306f1769\u5e74\u306b\u9061\u308a\u3001\u591a\u304f\u306e\u77f3\u6750\u6240\u3001\u5927\u7406\u77f3\u5de5\u623f\u3001\u92f3\u9020\u6240\u304c\u5468\u8fba\u306b\u5b58\u5728\u3059\u308b\u74b0\u5883\u3092\u80cc\u666f\u306b\u3001\u30a4\u30bf\u30ea\u30a2\u4eba\u5b66\u751f\u306f\u3082\u3068\u3088\u308a\u591a\u304f\u306e\u7559\u5b66\u751f\u3001\u30a2\u30fc\u30c6\u30a3\u30b9\u30c8\u9054\u304c\u5236\u4f5c\u306e\u5834\u3092\u6c42\u3081\u3066\u8a2a\u308c\u307e\u3059\u3002\u5f6b\u523b\u3092\u4e2d\u5fc3\u306b\u7d75\u753b\u30fb\u30de\u30eb\u30c1\u30e1\u30c7\u30a3\u30a2\u30a2\u30fc\u30c8\u30fb\u30b0\u30e9\u30d5\u30a3\u30c3\u30af\u7b49\u306e\u5c02\u653b\u304c\u8a2d\u7f6e\u3055\u308c\u3001\u7d04600\u540d\u306e\u5b66\u751f\u304c\u5b66\u3093\u3067\u3044\u307e\u3059\u3002<br \/>\n<br \/>\nVia Rome,1<br \/>\n54033 Carrara<br \/>\nItaly<\/p>\n<p><a href=\"https:\/\/www.accademiacarrara.it\/\" target=\"_blank\" rel=\"noopener noreferrer\">https:\/\/www.accademiacarrara.it\/<\/a><\/p>\n<hr>\n<h2 id=\"ecole\"><i class=\"flg_fra\"><\/i>\u00c9cole Boulle<\/h2>\n<p>\n<img loading=\"lazy\" decoding=\"async\" src=\"https:\/\/www.zokei.ac.jp\/wp-content\/uploads\/fra01.jpg\" alt=\"fra01\" width=\"250\" height=\"187\" class=\"alignright size-full wp-image-596\" \/>\u30a8\u30b3\u30fc\u30eb\u30fb\u30d6\u30fc\u30eb\u56fd\u7acb\u5de5\u82b8\u5b66\u6821\u306f\u30d5\u30e9\u30f3\u30b9\u3001\u30d1\u30ea\u306b\u6240\u5728\u3059\u308b1886\u5e74\u306b\u8a2d\u7acb\u3055\u308c\u305f\u7f8e\u8853\u30fb\u5de5\u82b8\u30fb\u5fdc\u7528\u7f8e\u8853\u306e\u5b66\u6821\u3067\u3059\u3002\u672c\u5b66\u3068\u306f2012\u5e74\u5b66\u8853\u63d0\u643a\u4ea4\u6d41\u5354\u5b9a\u3092\u7de0\u7d50\u3057\u3001\u5171\u540c\u30ef\u30fc\u30af\u30b7\u30e7\u30c3\u30d7\u7b49\u306e\u6d3b\u52d5\u3092\u884c\u3063\u3066\u3044\u307e\u3059\u3002<br \/>\n<br \/>\n9-21 Rue Pierre bourdan<br \/>\n75571 Paris cedex 12<br \/>\nFrance<\/p>\n<p><a href=\"http:\/\/www.ecole-boulle.org\/\" target=\"_blank\" rel=\"noopener noreferrer\">http:\/\/www.ecole-boulle.org\/<\/a><\/p>\n<hr>\n<h2 id=\"ecole\"><i class=\"flg_swi\"><\/i>Zurich University of the Arts<\/h2>\n<p>\n<img loading=\"lazy\" decoding=\"async\" src=\"https:\/\/www.zokei.ac.jp\/wp-content\/uploads\/zurich.jpg\" alt=\"zurich\" width=\"250\" height=\"166\" class=\"alignright size-full wp-image-598\" \/>\u30c1\u30e5\u30fc\u30ea\u30c3\u30d2\u82b8\u8853\u5927\u5b66\u306f\u3001\u30b9\u30a4\u30b9\u306e\u30c1\u30e5\u30fc\u30ea\u30c3\u30d2\u306b\u4f4d\u7f6e\u3059\u308b\u5b66\u751f\u6570\u7d042,500\u540d\u306e\u540c\u56fd\u3067\u6700\u5927\u306e\u82b8\u8853\u7cfb\u5927\u5b66\u3067\u3059\u30022007\u5e74\u306b\u30c1\u30e5\u30fc\u30ea\u30c3\u30d2\u9020\u5f62\u82b8\u8853\u5927\u5b66\u3068\u30c1\u30e5\u30fc\u30ea\u30c3\u30d2\u97f3\u697d\u6f14\u5287\u5927\u5b66\u304c\u7d71\u5408\u3057\u3066\u8a2d\u7acb\u3055\u308c\u307e\u3057\u305f\u3002\u540c\u6821\u306e\u4ed8\u5c5e\u6a5f\u95a2\u3068\u3057\u3066\u3001\u30c1\u30e5\u30fc\u30ea\u30c3\u30d2\u9020\u5f62\u7f8e\u8853\u9928\u3001\u82b8\u8853\u5287\u5834\u3001\u30df\u30e5\u30fc\u30b8\u30c3\u30af\u30af\u30e9\u30d6\u3001\u30e1\u30c7\u30a3\u30a2\u60c5\u5831\u30bb\u30f3\u30bf\u30fc\u304c\u3042\u308a\u307e\u3059\u3002<br \/>\n\u672c\u5b66\u3068\u306f\u30012014\u5e74\u306b\u5b66\u8853\u7684\u4ea4\u6d41\u5354\u5b9a\u3092\u7de0\u7d50\u3057\u307e\u3057\u305f\u3002<br \/>\n<br \/>\nToni-Areal, Pfingstweidstrasse 96, Postfach, 8031 Z\u00fcrich\u3000<br \/>\nSwitzerland<\/p>\n<p><a href=\"http:\/\/www.zhdk.ch\/en\/zurich-university-of-the-arts-1\" target=\"_blank\" rel=\"noopener noreferrer\">Zurich University of the Arts | ZHdK.ch<\/a><\/p>\n<hr>\n<h2 id=\"ecole\"><i class=\"flg_thai\"><\/i>Chiang Mai University<\/h2>\n<p>\n<img loading=\"lazy\" decoding=\"async\" src=\"https:\/\/www.zokei.ac.jp\/wp-content\/uploads\/2016\/05\/chiangmaiuniversity_r.jpg\" alt=\"\" width=\"250\" height=\"166\" class=\"alignright size-full wp-image-5358\" \/>1964\u5e74\u306b\u5275\u7acb\u3055\u308c\u305f\u30c1\u30a7\u30f3\u30de\u30a4\u5927\u5b66\u306f\u3001\u30bf\u30a4\u5317\u90e8\u5730\u57df\u3067\u306e\u5b66\u8853\u7814\u7a76\u62e0\u70b9\u3068\u3057\u3066\u6700\u3082\u671f\u5f85\u3055\u308c\u3066\u3044\u308b\u5927\u5b66\u306e1\u3064\u3067\u300117\u5b66\u90e8107\u5b66\u79d1\u3092\u6301\u3061\u307e\u3059\u30023\u3064\u306e\u30ad\u30e3\u30f3\u30d1\u30b9\u5168\u4f53\u3067\u7dcf\u9762\u7a4d3,500\u30a8\u30fc\u30ab\u30fc\u3092\u8d8a\u3048\u3001\u5e83\u5927\u306a\u6577\u5730\u5185\u306b\u306f\u5efa\u8a2d\u4ee5\u524d\u306b\u5b58\u5728\u3057\u305f\u68ee\u304c\u6700\u5927\u9650\u4fdd\u5b58\u3055\u308c\u3066\u3044\u308b\u305f\u3081\u3001\u6570\u4e07\u3082\u306e\u6728\u3005\u304c\u8302\u308b\u81ea\u7136\u8c4a\u304b\u306a\u74b0\u5883\u306e\u4e2d\u3067\u6559\u80b2\u304c\u884c\u308f\u308c\u3066\u3044\u307e\u3059\u3002\u672c\u5b66\u3068\u306f2016\u5e74\u306b\u4ea4\u6d41\u5354\u5b9a\u3092\u7de0\u7d50\u3057\u307e\u3057\u305f\u3002<br \/>\n<br \/>\n239 Huay Kaew Rd, Suthep, Muang, Chiang Mai 50200<br \/>\nThailand<\/p>\n<p><a href=\"https:\/\/www.cmu.ac.th\/\" target=\"_blank\" rel=\"noopener noreferrer\">https:\/\/www.cmu.ac.th\/<\/a><\/p>\n<hr>\n<h2><i class=\"flg_swe\"><\/i> HDK-Valand\u2015Academy of Art and Design\/University of Gothenburg<\/a><\/h2>\n<p>\n<!--<img loading=\"lazy\" decoding=\"async\" src=\"https:\/\/www.zokei.ac.jp\/wp-content\/uploads\/valand.jpg\" alt=\"valand\" width=\"251\" height=\"212\" class=\"alignright size-full wp-image-590\" \/>--><img loading=\"lazy\" decoding=\"async\" src=\"https:\/\/www.zokei.ac.jp\/wp-content\/uploads\/hdk_steneby.jpg\" alt=\"hdk_steneby\" width=\"250\" height=\"169\" class=\"alignright size-full wp-image-597\" \/>\u30e8\u30fc\u30c6\u30dc\u30ea\u306f\u30b9\u30c8\u30c3\u30af\u30db\u30eb\u30e0\u304b\u3089\u5217\u8eca\u3067\u7d043\u6642\u9593\u3001\u30b9\u30a6\u30a7\u30fc\u30c7\u30f3\u897f\u90e8\u306b\u4f4d\u7f6e\u3059\u308b\u90fd\u5e02\u3067\u3059\u30021891\u5e74\u306b\u5275\u7acb\u3055\u308c\u305f\u30b9\u30a6\u30a7\u30fc\u30c7\u30f3\u306b\u3042\u308b6\u3064\u306e\u56fd\u7acb\u5927\u5b66\u306e\u4e00\u3064\u3067\u3042\u308b\u30e8\u30fc\u30c6\u30dc\u30ea\u5927\u5b66\u306e\u30f4\u30a1\u30e9\u30f3\u30c9\u30a2\u30ab\u30c7\u30df\u30fc\u5199\u771f\u30b3\u30fc\u30b9\u3068\u306f2005\u5e74\u3001\u30c7\u30b6\u30a4\u30f3\u5de5\u82b8\u5b66\u6821\u3068\u306f2014\u5e74\u306b\u305d\u308c\u305e\u308c\u4ea4\u6d41\u5354\u5b9a\u3092\u7de0\u7d50\u3057\u3066\u3044\u307e\u3059\u30022020\u5e741\u67081\u65e5\u3001\u6700\u5148\u7aef\u306e\u7814\u7a76\u3001\u6559\u80b2\u306e\u4fc3\u9032\u3092\u62c5\u3046\u30c7\u30b6\u30a4\u30f3\u3068\u82b8\u8853\u306e\u305f\u3081\u306e\u65b0\u3057\u3044\u30e8\u30fc\u30c6\u30dc\u30ea\u5927\u5b66\u306e\u90e8\u9580\u3068\u3057\u3066\u3053\u306e2\u6821\u304c\u7d71\u5408\u3055\u308c\u307e\u3057\u305f\u3002<br \/>\n<br \/>\nBox 131, 405 30, Gothenburg<br \/>\nSweden<br \/>\n<br \/>\n<a href=\"https:\/\/hdk-valand.gu.se\/\" target=\"_blank\" rel=\"noopener noreferrer\">https:\/\/hdk-valand.gu.se\/<\/a><\/p>\n<hr>\n<h2>\u56fd\u969b\u4ea4\u6d41\u62c5\u5f53\u90e8\u7f72<\/h2>\n<h3>\u5b66\u751f\u751f\u6d3b\u8ab2<\/h3>\n<p>TEL\uff1a 042-637-8344<br \/>\ne-mail\uff1a kokusai@zokei.ac.jp<br \/>\n\u4e8b\u52d9\u53d6\u6271\u6642\u9593\uff1a<br \/>\n\u3010\u6708\uff5e\u91d1\u30119\uff1a10\uff5e16\uff1a50\u3000\u3010\u571f\u30119\uff1a10\uff5e12\uff1a20<\/p>\n","protected":false},"excerpt":{"rendered":"<p>\u672c\u5b66\u306f\u6d77\u5916\u306e\u5927\u5b66\u3068\u306e\u5b66\u8853\u4ea4\u6d41\u3092\u901a\u3057\u3066\u6559\u80b2\u7814\u7a76\u306e\u6d3b\u6027\u5316\u3092\u56f3\u3063\u3066\u3044\u307e\u3059\u3002 \u672c\u5b66\u306b\u304a\u3051\u308b\u56fd\u969b\u4ea4\u6d41\u6d3b\u52d5\u306e\u4e00\u74b0\u3068\u3057\u3066\u3001\u30e8\u30fc\u30ed\u30c3\u30d1\u3092\u4e2d\u5fc3\u306b\u5404\u82b8\u8853\u7cfb\u5927\u5b66\uff08\u5b66\u6821\uff09\u3068\u4ea4\u6d41\u5354\u5b9a\u3092\u7d50\u3093\u3067\u3044\u307e\u3059\u3002 \u5404\u6821\u3068\u306f\u3001\u305d\u308c\u305e\u308c\u306e\u5354\u5b9a\u306b\u3082\u3068\u3065\u3044\u3066\u77ed\u671f\u7559\u5b66\u751f [&hellip;]<\/p>\n","protected":false},"author":1,"featured_media":0,"parent":0,"menu_order":6,"comment_status":"closed","ping_status":"closed","template":"","meta":{"_locale":"ja","_original_post":"59","footnotes":""},"class_list":["post-59","page","type-page","status-publish","hentry","ja"],"_links":{"self":[{"href":"https:\/\/www.zokei.ac.jp\/in\/wp-json\/wp\/v2\/pages\/59","targetHints":{"allow":["GET"]}}],"collection":[{"href":"https:\/\/www.zokei.ac.jp\/in\/wp-json\/wp\/v2\/pages"}],"about":[{"href":"https:\/\/www.zokei.ac.jp\/in\/wp-json\/wp\/v2\/types\/page"}],"author":[{"embeddable":true,"href":"https:\/\/www.zokei.ac.jp\/in\/wp-json\/wp\/v2\/users\/1"}],"replies":[{"embeddable":true,"href":"https:\/\/www.zokei.ac.jp\/in\/wp-json\/wp\/v2\/comments?post=59"}],"version-history":[{"count":23,"href":"https:\/\/www.zokei.ac.jp\/in\/wp-json\/wp\/v2\/pages\/59\/revisions"}],"predecessor-version":[{"id":2852,"href":"https:\/\/www.zokei.ac.jp\/in\/wp-json\/wp\/v2\/pages\/59\/revisions\/2852"}],"wp:attachment":[{"href":"https:\/\/www.zokei.ac.jp\/in\/wp-json\/wp\/v2\/media?parent=59"}],"curies":[{"name":"wp","href":"https:\/\/api.w.org\/{rel}","templated":true}]}}